{"id":19355,"date":"2016-04-05T20:53:25","date_gmt":"2016-04-05T18:53:25","guid":{"rendered":"http:\/\/www.ford-torino.de\/?page_id=19355&#038;lang=en"},"modified":"2016-07-21T11:31:45","modified_gmt":"2016-07-21T09:31:45","slug":"imprint","status":"publish","type":"page","link":"https:\/\/www.ford-torino.de\/en\/imprint\/","title":{"rendered":"Imprint"},"content":{"rendered":"<p style=\"text-align: center;\">Markus Leitner<br \/>\nNittendorfer Stra\u00dfe 4<br \/>\n93152 Sch\u00f6nhofen<br \/>\n<strong>\u00a0eMail:<\/strong> <a style=\"text-decoration: none;\" href=\"mailto:admin@ford-torino.de\"> admin@ford-torino.de<\/a><\/p>\n<p>&nbsp;<\/p>\n<p style=\"text-align: left;\">Die Webseite &#8220;www.Ford-Torino.de&#8221; mit ihren Unterseiten und dem Forum ist KEINE offizielle Webseite der Ford Motor Company oder einer ihrer Tochtergesellschaften. Wir verstehen uns als eine private nicht kommerzielle Fanseite f\u00fcr alle Ford Torino Fans und Fahrer. Von jeglichen Inhalten und Webseiten, die z.B. durch die Benutzer des Forums direkt oder mittels Link bekannt gegeben oder anderweitig ver\u00f6ffentlicht werden distanzieren wir uns ausdr\u00fccklich!<\/p>\n<p style=\"text-align: left;\"><strong><span style=\"text-decoration: underline;\">Rechtlicher Hinweis:<br \/>\n<\/span><\/strong> Mit einem Urteil vom 12. Mai 1998 hat das Landgericht Hamburg entschieden, dass man durch die Ausbringung eines Links die Inhalte der gelinkten Seite ggf. mit zu verantworten hat. Dies kann &#8211; so das LG &#8211; nur dadurch verhindert werden, dass man sich ausdr\u00fccklich von diesen Inhalten distanziert. Wir haben auf dieser Seite Links zu anderen Seiten im Internet. F\u00fcr alle diese Links gilt: Wir m\u00f6chten ausdr\u00fccklich betonen, dass wir keinerlei Einfluss auf die Gestaltung und die Inhalte der gelinkten Seiten haben. Deshalb distanzieren wir uns hiermit ausdr\u00fccklich von allen Inhalten aller gelinkten Seiten. Diese Erkl\u00e4rung gilt f\u00fcr alle auf dieser Seite ausgebrachten Links und f\u00fcr alle Inhalte der Seiten, zu denen die Banner, Buttons und Links f\u00fchren.<\/p>\n<p style=\"text-align: left;\">Die europ\u00e4ische Online-Streitbeilegungsplattform (\u201eOS-Plattform\u201c) wird nach Bereitstellung durch die EU-Kommission \u00fcber das Portal \u201eIhr Europa\u201c ( <a href=\"http:\/\/ec.europa.eu\/odr\" target=\"_blank\">http:\/\/ec.europa.eu\/odr<\/a>) zug\u00e4nglich sein.<\/p>\n","protected":false},"excerpt":{"rendered":"<p>Markus Leitner Nittendorfer Stra\u00dfe 4 93152 Sch\u00f6nhofen \u00a0eMail: admin@ford-torino.de &nbsp; Die Webseite &#8220;www.Ford-Torino.de&#8221; mit ihren Unterseiten und dem Forum ist KEINE offizielle Webseite der Ford Motor Company oder einer ihrer Tochtergesellschaften. Wir verstehen uns als eine private nicht kommerzielle Fanseite f\u00fcr alle Ford Torino Fans und Fahrer. Von jeglichen Inhalten und Webseiten, die z.B. durch [&hellip;]<\/p>\n","protected":false},"author":7,"featured_media":0,"parent":0,"menu_order":0,"comment_status":"closed","ping_status":"closed","template":"page-templates\/full-width.php","meta":{"footnotes":""},"class_list":["post-19355","page","type-page","status-publish","hentry"],"yoast_head":"<!-- This site is optimized with the Yoast SEO plugin v27.3 - https:\/\/yoast.com\/product\/yoast-seo-wordpress\/ -->\n<title>Imprint of www.ford-torino.de - all about Torinos!<\/title>\n<meta name=\"description\" content=\"Markus Leitner - Nittendorfer Stra\u00dfe 4 - 93152 Sch\u00f6nhofen. We see ourselves as a private non-commercial fan page for all Ford Torino fans and Drivers.\" \/>\n<meta name=\"robots\" content=\"index, follow, max-snippet:-1, max-image-preview:large, max-video-preview:-1\" \/>\n<link rel=\"canonical\" href=\"https:\/\/www.ford-torino.de\/en\/imprint\/\" \/>\n<meta property=\"og:locale\" content=\"en_US\" \/>\n<meta property=\"og:type\" content=\"article\" \/>\n<meta property=\"og:title\" content=\"Imprint of www.ford-torino.de - all about Torinos!\" \/>\n<meta property=\"og:description\" content=\"Markus Leitner - Nittendorfer Stra\u00dfe 4 - 93152 Sch\u00f6nhofen. We see ourselves as a private non-commercial fan page for all Ford Torino fans and Drivers.\" \/>\n<meta property=\"og:url\" content=\"https:\/\/www.ford-torino.de\/en\/imprint\/\" \/>\n<meta property=\"og:site_name\" content=\"Ford-Torino.de\" \/>\n<meta property=\"article:publisher\" content=\"https:\/\/www.facebook.com\/fordtorinode\" \/>\n<meta property=\"article:modified_time\" content=\"2016-07-21T09:31:45+00:00\" \/>\n<meta name=\"twitter:card\" content=\"summary_large_image\" \/>\n<meta name=\"twitter:label1\" content=\"Est. reading time\" \/>\n\t<meta name=\"twitter:data1\" content=\"1 minute\" \/>\n<script type=\"application\/ld+json\" class=\"yoast-schema-graph\">{\"@context\":\"https:\\\/\\\/schema.org\",\"@graph\":[{\"@type\":\"WebPage\",\"@id\":\"https:\\\/\\\/www.ford-torino.de\\\/en\\\/imprint\\\/\",\"url\":\"https:\\\/\\\/www.ford-torino.de\\\/en\\\/imprint\\\/\",\"name\":\"Imprint of www.ford-torino.de - all about Torinos!\",\"isPartOf\":{\"@id\":\"https:\\\/\\\/www.ford-torino.de\\\/en\\\/#website\"},\"datePublished\":\"2016-04-05T18:53:25+00:00\",\"dateModified\":\"2016-07-21T09:31:45+00:00\",\"description\":\"Markus Leitner - Nittendorfer Stra\u00dfe 4 - 93152 Sch\u00f6nhofen. We see ourselves as a private non-commercial fan page for all Ford Torino fans and Drivers.\",\"breadcrumb\":{\"@id\":\"https:\\\/\\\/www.ford-torino.de\\\/en\\\/imprint\\\/#breadcrumb\"},\"inLanguage\":\"en-US\",\"potentialAction\":[{\"@type\":\"ReadAction\",\"target\":[\"https:\\\/\\\/www.ford-torino.de\\\/en\\\/imprint\\\/\"]}]},{\"@type\":\"BreadcrumbList\",\"@id\":\"https:\\\/\\\/www.ford-torino.de\\\/en\\\/imprint\\\/#breadcrumb\",\"itemListElement\":[{\"@type\":\"ListItem\",\"position\":1,\"name\":\"Home\",\"item\":\"https:\\\/\\\/ford-torino.de\\\/en\\\/\"},{\"@type\":\"ListItem\",\"position\":2,\"name\":\"Imprint\"}]},{\"@type\":\"WebSite\",\"@id\":\"https:\\\/\\\/www.ford-torino.de\\\/en\\\/#website\",\"url\":\"https:\\\/\\\/www.ford-torino.de\\\/en\\\/\",\"name\":\"Ford-Torino.de\",\"description\":\"Deutschlands einzige und umfangreiche Infoseite \u00fcber die Ford Torino-Baureihe.\",\"publisher\":{\"@id\":\"https:\\\/\\\/www.ford-torino.de\\\/en\\\/#organization\"},\"potentialAction\":[{\"@type\":\"SearchAction\",\"target\":{\"@type\":\"EntryPoint\",\"urlTemplate\":\"https:\\\/\\\/www.ford-torino.de\\\/en\\\/?s={search_term_string}\"},\"query-input\":{\"@type\":\"PropertyValueSpecification\",\"valueRequired\":true,\"valueName\":\"search_term_string\"}}],\"inLanguage\":\"en-US\"},{\"@type\":\"Organization\",\"@id\":\"https:\\\/\\\/www.ford-torino.de\\\/en\\\/#organization\",\"name\":\"Ford-Torino.de\",\"url\":\"https:\\\/\\\/www.ford-torino.de\\\/en\\\/\",\"logo\":{\"@type\":\"ImageObject\",\"inLanguage\":\"en-US\",\"@id\":\"https:\\\/\\\/www.ford-torino.de\\\/en\\\/#\\\/schema\\\/logo\\\/image\\\/\",\"url\":\"https:\\\/\\\/www.ford-torino.de\\\/wp-content\\\/uploads\\\/2019\\\/01\\\/Signatur.png\",\"contentUrl\":\"https:\\\/\\\/www.ford-torino.de\\\/wp-content\\\/uploads\\\/2019\\\/01\\\/Signatur.png\",\"width\":435,\"height\":66,\"caption\":\"Ford-Torino.de\"},\"image\":{\"@id\":\"https:\\\/\\\/www.ford-torino.de\\\/en\\\/#\\\/schema\\\/logo\\\/image\\\/\"},\"sameAs\":[\"https:\\\/\\\/www.facebook.com\\\/fordtorinode\"]}]}<\/script>\n<!-- \/ Yoast SEO plugin. -->","yoast_head_json":{"title":"Imprint of www.ford-torino.de - all about Torinos!","description":"Markus Leitner - Nittendorfer Stra\u00dfe 4 - 93152 Sch\u00f6nhofen. We see ourselves as a private non-commercial fan page for all Ford Torino fans and Drivers.","robots":{"index":"index","follow":"follow","max-snippet":"max-snippet:-1","max-image-preview":"max-image-preview:large","max-video-preview":"max-video-preview:-1"},"canonical":"https:\/\/www.ford-torino.de\/en\/imprint\/","og_locale":"en_US","og_type":"article","og_title":"Imprint of www.ford-torino.de - all about Torinos!","og_description":"Markus Leitner - Nittendorfer Stra\u00dfe 4 - 93152 Sch\u00f6nhofen. We see ourselves as a private non-commercial fan page for all Ford Torino fans and Drivers.","og_url":"https:\/\/www.ford-torino.de\/en\/imprint\/","og_site_name":"Ford-Torino.de","article_publisher":"https:\/\/www.facebook.com\/fordtorinode","article_modified_time":"2016-07-21T09:31:45+00:00","twitter_card":"summary_large_image","twitter_misc":{"Est. reading time":"1 minute"},"schema":{"@context":"https:\/\/schema.org","@graph":[{"@type":"WebPage","@id":"https:\/\/www.ford-torino.de\/en\/imprint\/","url":"https:\/\/www.ford-torino.de\/en\/imprint\/","name":"Imprint of www.ford-torino.de - all about Torinos!","isPartOf":{"@id":"https:\/\/www.ford-torino.de\/en\/#website"},"datePublished":"2016-04-05T18:53:25+00:00","dateModified":"2016-07-21T09:31:45+00:00","description":"Markus Leitner - Nittendorfer Stra\u00dfe 4 - 93152 Sch\u00f6nhofen. We see ourselves as a private non-commercial fan page for all Ford Torino fans and Drivers.","breadcrumb":{"@id":"https:\/\/www.ford-torino.de\/en\/imprint\/#breadcrumb"},"inLanguage":"en-US","potentialAction":[{"@type":"ReadAction","target":["https:\/\/www.ford-torino.de\/en\/imprint\/"]}]},{"@type":"BreadcrumbList","@id":"https:\/\/www.ford-torino.de\/en\/imprint\/#breadcrumb","itemListElement":[{"@type":"ListItem","position":1,"name":"Home","item":"https:\/\/ford-torino.de\/en\/"},{"@type":"ListItem","position":2,"name":"Imprint"}]},{"@type":"WebSite","@id":"https:\/\/www.ford-torino.de\/en\/#website","url":"https:\/\/www.ford-torino.de\/en\/","name":"Ford-Torino.de","description":"Deutschlands einzige und umfangreiche Infoseite \u00fcber die Ford Torino-Baureihe.","publisher":{"@id":"https:\/\/www.ford-torino.de\/en\/#organization"},"potentialAction":[{"@type":"SearchAction","target":{"@type":"EntryPoint","urlTemplate":"https:\/\/www.ford-torino.de\/en\/?s={search_term_string}"},"query-input":{"@type":"PropertyValueSpecification","valueRequired":true,"valueName":"search_term_string"}}],"inLanguage":"en-US"},{"@type":"Organization","@id":"https:\/\/www.ford-torino.de\/en\/#organization","name":"Ford-Torino.de","url":"https:\/\/www.ford-torino.de\/en\/","logo":{"@type":"ImageObject","inLanguage":"en-US","@id":"https:\/\/www.ford-torino.de\/en\/#\/schema\/logo\/image\/","url":"https:\/\/www.ford-torino.de\/wp-content\/uploads\/2019\/01\/Signatur.png","contentUrl":"https:\/\/www.ford-torino.de\/wp-content\/uploads\/2019\/01\/Signatur.png","width":435,"height":66,"caption":"Ford-Torino.de"},"image":{"@id":"https:\/\/www.ford-torino.de\/en\/#\/schema\/logo\/image\/"},"sameAs":["https:\/\/www.facebook.com\/fordtorinode"]}]}},"_links":{"self":[{"href":"https:\/\/www.ford-torino.de\/en\/wp-json\/wp\/v2\/pages\/19355","targetHints":{"allow":["GET"]}}],"collection":[{"href":"https:\/\/www.ford-torino.de\/en\/wp-json\/wp\/v2\/pages"}],"about":[{"href":"https:\/\/www.ford-torino.de\/en\/wp-json\/wp\/v2\/types\/page"}],"author":[{"embeddable":true,"href":"https:\/\/www.ford-torino.de\/en\/wp-json\/wp\/v2\/users\/7"}],"replies":[{"embeddable":true,"href":"https:\/\/www.ford-torino.de\/en\/wp-json\/wp\/v2\/comments?post=19355"}],"version-history":[{"count":0,"href":"https:\/\/www.ford-torino.de\/en\/wp-json\/wp\/v2\/pages\/19355\/revisions"}],"wp:attachment":[{"href":"https:\/\/www.ford-torino.de\/en\/wp-json\/wp\/v2\/media?parent=19355"}],"curies":[{"name":"wp","href":"https:\/\/api.w.org\/{rel}","templated":true}]}}