{"id":19369,"date":"2016-04-05T21:02:35","date_gmt":"2016-04-05T19:02:35","guid":{"rendered":"http:\/\/www.ford-torino.de\/?page_id=19369&#038;lang=en"},"modified":"2019-04-29T20:11:01","modified_gmt":"2019-04-29T18:11:01","slug":"exterior-colors-and-upholstery","status":"publish","type":"page","link":"https:\/\/www.ford-torino.de\/en\/exterior-colors-and-upholstery\/","title":{"rendered":"Colors &#038; upholstery"},"content":{"rendered":"<p>Have you ever come into the habit of configure a new car at the dealer of your choice? With a glass of sparkling wine, on a cozy leather couch and an over-friendly, always smiling seller? This experience had probably the least of us at a Torino purchase. But here, you can comfortably browse the original Ford sales on your computer. Including original Ford paint pattern.<\/p>\n","protected":false},"excerpt":{"rendered":"<p>Have you ever come into the habit of configure a new car at the dealer of your choice? With a glass of sparkling wine, on a cozy leather couch and an over-friendly, always smiling seller? This experience had probably the least of us at a Torino purchase. But here, you can comfortably browse the original [&hellip;]<\/p>\n","protected":false},"author":7,"featured_media":21115,"parent":0,"menu_order":6,"comment_status":"closed","ping_status":"closed","template":"","meta":{"footnotes":""},"class_list":["post-19369","page","type-page","status-publish","has-post-thumbnail","hentry"],"yoast_head":"<!-- This site is optimized with the Yoast SEO plugin v27.3 - https:\/\/yoast.com\/product\/yoast-seo-wordpress\/ -->\n<title>Colors and upholstery - Alle Farben und Polster f\u00fcr den Ford Torino<\/title>\n<meta name=\"description\" content=\"Sind Sie schon einmal in den Genus gekommen, sich beim H\u00e4ndler Ihrer Wahl einen neuen Wagen zusammen zu stellen? Hier haben Sie die M\u00f6glichkeit.\" \/>\n<meta name=\"robots\" content=\"index, follow, max-snippet:-1, max-image-preview:large, max-video-preview:-1\" \/>\n<link rel=\"canonical\" href=\"https:\/\/www.ford-torino.de\/en\/exterior-colors-and-upholstery\/\" \/>\n<meta property=\"og:locale\" content=\"en_US\" \/>\n<meta property=\"og:type\" content=\"article\" \/>\n<meta property=\"og:title\" content=\"Colors and upholstery - Alle Farben und Polster f\u00fcr den Ford Torino\" \/>\n<meta property=\"og:description\" content=\"Sind Sie schon einmal in den Genus gekommen, sich beim H\u00e4ndler Ihrer Wahl einen neuen Wagen zusammen zu stellen? Hier haben Sie die M\u00f6glichkeit.\" \/>\n<meta property=\"og:url\" content=\"https:\/\/www.ford-torino.de\/en\/exterior-colors-and-upholstery\/\" \/>\n<meta property=\"og:site_name\" content=\"Ford-Torino.de\" \/>\n<meta property=\"article:publisher\" content=\"https:\/\/www.facebook.com\/fordtorinode\" \/>\n<meta property=\"article:modified_time\" content=\"2019-04-29T18:11:01+00:00\" \/>\n<meta property=\"og:image\" content=\"https:\/\/www.ford-torino.de\/wp-content\/uploads\/2015\/03\/S74A2195.jpg\" \/>\n\t<meta property=\"og:image:width\" content=\"845\" \/>\n\t<meta property=\"og:image:height\" content=\"313\" \/>\n\t<meta property=\"og:image:type\" content=\"image\/jpeg\" \/>\n<meta name=\"twitter:card\" content=\"summary_large_image\" \/>\n<script type=\"application\/ld+json\" class=\"yoast-schema-graph\">{\"@context\":\"https:\\\/\\\/schema.org\",\"@graph\":[{\"@type\":\"WebPage\",\"@id\":\"https:\\\/\\\/www.ford-torino.de\\\/en\\\/exterior-colors-and-upholstery\\\/\",\"url\":\"https:\\\/\\\/www.ford-torino.de\\\/en\\\/exterior-colors-and-upholstery\\\/\",\"name\":\"Colors and upholstery - Alle Farben und Polster f\u00fcr den Ford Torino\",\"isPartOf\":{\"@id\":\"https:\\\/\\\/www.ford-torino.de\\\/en\\\/#website\"},\"primaryImageOfPage\":{\"@id\":\"https:\\\/\\\/www.ford-torino.de\\\/en\\\/exterior-colors-and-upholstery\\\/#primaryimage\"},\"image\":{\"@id\":\"https:\\\/\\\/www.ford-torino.de\\\/en\\\/exterior-colors-and-upholstery\\\/#primaryimage\"},\"thumbnailUrl\":\"https:\\\/\\\/www.ford-torino.de\\\/wp-content\\\/uploads\\\/2015\\\/03\\\/S74A2195.jpg\",\"datePublished\":\"2016-04-05T19:02:35+00:00\",\"dateModified\":\"2019-04-29T18:11:01+00:00\",\"description\":\"Sind Sie schon einmal in den Genus gekommen, sich beim H\u00e4ndler Ihrer Wahl einen neuen Wagen zusammen zu stellen? Hier haben Sie die M\u00f6glichkeit.\",\"breadcrumb\":{\"@id\":\"https:\\\/\\\/www.ford-torino.de\\\/en\\\/exterior-colors-and-upholstery\\\/#breadcrumb\"},\"inLanguage\":\"en-US\",\"potentialAction\":[{\"@type\":\"ReadAction\",\"target\":[\"https:\\\/\\\/www.ford-torino.de\\\/en\\\/exterior-colors-and-upholstery\\\/\"]}]},{\"@type\":\"ImageObject\",\"inLanguage\":\"en-US\",\"@id\":\"https:\\\/\\\/www.ford-torino.de\\\/en\\\/exterior-colors-and-upholstery\\\/#primaryimage\",\"url\":\"https:\\\/\\\/www.ford-torino.de\\\/wp-content\\\/uploads\\\/2015\\\/03\\\/S74A2195.jpg\",\"contentUrl\":\"https:\\\/\\\/www.ford-torino.de\\\/wp-content\\\/uploads\\\/2015\\\/03\\\/S74A2195.jpg\",\"width\":845,\"height\":313},{\"@type\":\"BreadcrumbList\",\"@id\":\"https:\\\/\\\/www.ford-torino.de\\\/en\\\/exterior-colors-and-upholstery\\\/#breadcrumb\",\"itemListElement\":[{\"@type\":\"ListItem\",\"position\":1,\"name\":\"Home\",\"item\":\"https:\\\/\\\/ford-torino.de\\\/en\\\/\"},{\"@type\":\"ListItem\",\"position\":2,\"name\":\"Colors &#038; upholstery\"}]},{\"@type\":\"WebSite\",\"@id\":\"https:\\\/\\\/www.ford-torino.de\\\/en\\\/#website\",\"url\":\"https:\\\/\\\/www.ford-torino.de\\\/en\\\/\",\"name\":\"Ford-Torino.de\",\"description\":\"Deutschlands einzige und umfangreiche Infoseite \u00fcber die Ford Torino-Baureihe.\",\"publisher\":{\"@id\":\"https:\\\/\\\/www.ford-torino.de\\\/en\\\/#organization\"},\"potentialAction\":[{\"@type\":\"SearchAction\",\"target\":{\"@type\":\"EntryPoint\",\"urlTemplate\":\"https:\\\/\\\/www.ford-torino.de\\\/en\\\/?s={search_term_string}\"},\"query-input\":{\"@type\":\"PropertyValueSpecification\",\"valueRequired\":true,\"valueName\":\"search_term_string\"}}],\"inLanguage\":\"en-US\"},{\"@type\":\"Organization\",\"@id\":\"https:\\\/\\\/www.ford-torino.de\\\/en\\\/#organization\",\"name\":\"Ford-Torino.de\",\"url\":\"https:\\\/\\\/www.ford-torino.de\\\/en\\\/\",\"logo\":{\"@type\":\"ImageObject\",\"inLanguage\":\"en-US\",\"@id\":\"https:\\\/\\\/www.ford-torino.de\\\/en\\\/#\\\/schema\\\/logo\\\/image\\\/\",\"url\":\"https:\\\/\\\/www.ford-torino.de\\\/wp-content\\\/uploads\\\/2019\\\/01\\\/Signatur.png\",\"contentUrl\":\"https:\\\/\\\/www.ford-torino.de\\\/wp-content\\\/uploads\\\/2019\\\/01\\\/Signatur.png\",\"width\":435,\"height\":66,\"caption\":\"Ford-Torino.de\"},\"image\":{\"@id\":\"https:\\\/\\\/www.ford-torino.de\\\/en\\\/#\\\/schema\\\/logo\\\/image\\\/\"},\"sameAs\":[\"https:\\\/\\\/www.facebook.com\\\/fordtorinode\"]}]}<\/script>\n<!-- \/ Yoast SEO plugin. -->","yoast_head_json":{"title":"Colors and upholstery - Alle Farben und Polster f\u00fcr den Ford Torino","description":"Sind Sie schon einmal in den Genus gekommen, sich beim H\u00e4ndler Ihrer Wahl einen neuen Wagen zusammen zu stellen? Hier haben Sie die M\u00f6glichkeit.","robots":{"index":"index","follow":"follow","max-snippet":"max-snippet:-1","max-image-preview":"max-image-preview:large","max-video-preview":"max-video-preview:-1"},"canonical":"https:\/\/www.ford-torino.de\/en\/exterior-colors-and-upholstery\/","og_locale":"en_US","og_type":"article","og_title":"Colors and upholstery - Alle Farben und Polster f\u00fcr den Ford Torino","og_description":"Sind Sie schon einmal in den Genus gekommen, sich beim H\u00e4ndler Ihrer Wahl einen neuen Wagen zusammen zu stellen? Hier haben Sie die M\u00f6glichkeit.","og_url":"https:\/\/www.ford-torino.de\/en\/exterior-colors-and-upholstery\/","og_site_name":"Ford-Torino.de","article_publisher":"https:\/\/www.facebook.com\/fordtorinode","article_modified_time":"2019-04-29T18:11:01+00:00","og_image":[{"width":845,"height":313,"url":"https:\/\/www.ford-torino.de\/wp-content\/uploads\/2015\/03\/S74A2195.jpg","type":"image\/jpeg"}],"twitter_card":"summary_large_image","schema":{"@context":"https:\/\/schema.org","@graph":[{"@type":"WebPage","@id":"https:\/\/www.ford-torino.de\/en\/exterior-colors-and-upholstery\/","url":"https:\/\/www.ford-torino.de\/en\/exterior-colors-and-upholstery\/","name":"Colors and upholstery - Alle Farben und Polster f\u00fcr den Ford Torino","isPartOf":{"@id":"https:\/\/www.ford-torino.de\/en\/#website"},"primaryImageOfPage":{"@id":"https:\/\/www.ford-torino.de\/en\/exterior-colors-and-upholstery\/#primaryimage"},"image":{"@id":"https:\/\/www.ford-torino.de\/en\/exterior-colors-and-upholstery\/#primaryimage"},"thumbnailUrl":"https:\/\/www.ford-torino.de\/wp-content\/uploads\/2015\/03\/S74A2195.jpg","datePublished":"2016-04-05T19:02:35+00:00","dateModified":"2019-04-29T18:11:01+00:00","description":"Sind Sie schon einmal in den Genus gekommen, sich beim H\u00e4ndler Ihrer Wahl einen neuen Wagen zusammen zu stellen? Hier haben Sie die M\u00f6glichkeit.","breadcrumb":{"@id":"https:\/\/www.ford-torino.de\/en\/exterior-colors-and-upholstery\/#breadcrumb"},"inLanguage":"en-US","potentialAction":[{"@type":"ReadAction","target":["https:\/\/www.ford-torino.de\/en\/exterior-colors-and-upholstery\/"]}]},{"@type":"ImageObject","inLanguage":"en-US","@id":"https:\/\/www.ford-torino.de\/en\/exterior-colors-and-upholstery\/#primaryimage","url":"https:\/\/www.ford-torino.de\/wp-content\/uploads\/2015\/03\/S74A2195.jpg","contentUrl":"https:\/\/www.ford-torino.de\/wp-content\/uploads\/2015\/03\/S74A2195.jpg","width":845,"height":313},{"@type":"BreadcrumbList","@id":"https:\/\/www.ford-torino.de\/en\/exterior-colors-and-upholstery\/#breadcrumb","itemListElement":[{"@type":"ListItem","position":1,"name":"Home","item":"https:\/\/ford-torino.de\/en\/"},{"@type":"ListItem","position":2,"name":"Colors &#038; upholstery"}]},{"@type":"WebSite","@id":"https:\/\/www.ford-torino.de\/en\/#website","url":"https:\/\/www.ford-torino.de\/en\/","name":"Ford-Torino.de","description":"Deutschlands einzige und umfangreiche Infoseite \u00fcber die Ford Torino-Baureihe.","publisher":{"@id":"https:\/\/www.ford-torino.de\/en\/#organization"},"potentialAction":[{"@type":"SearchAction","target":{"@type":"EntryPoint","urlTemplate":"https:\/\/www.ford-torino.de\/en\/?s={search_term_string}"},"query-input":{"@type":"PropertyValueSpecification","valueRequired":true,"valueName":"search_term_string"}}],"inLanguage":"en-US"},{"@type":"Organization","@id":"https:\/\/www.ford-torino.de\/en\/#organization","name":"Ford-Torino.de","url":"https:\/\/www.ford-torino.de\/en\/","logo":{"@type":"ImageObject","inLanguage":"en-US","@id":"https:\/\/www.ford-torino.de\/en\/#\/schema\/logo\/image\/","url":"https:\/\/www.ford-torino.de\/wp-content\/uploads\/2019\/01\/Signatur.png","contentUrl":"https:\/\/www.ford-torino.de\/wp-content\/uploads\/2019\/01\/Signatur.png","width":435,"height":66,"caption":"Ford-Torino.de"},"image":{"@id":"https:\/\/www.ford-torino.de\/en\/#\/schema\/logo\/image\/"},"sameAs":["https:\/\/www.facebook.com\/fordtorinode"]}]}},"_links":{"self":[{"href":"https:\/\/www.ford-torino.de\/en\/wp-json\/wp\/v2\/pages\/19369","targetHints":{"allow":["GET"]}}],"collection":[{"href":"https:\/\/www.ford-torino.de\/en\/wp-json\/wp\/v2\/pages"}],"about":[{"href":"https:\/\/www.ford-torino.de\/en\/wp-json\/wp\/v2\/types\/page"}],"author":[{"embeddable":true,"href":"https:\/\/www.ford-torino.de\/en\/wp-json\/wp\/v2\/users\/7"}],"replies":[{"embeddable":true,"href":"https:\/\/www.ford-torino.de\/en\/wp-json\/wp\/v2\/comments?post=19369"}],"version-history":[{"count":0,"href":"https:\/\/www.ford-torino.de\/en\/wp-json\/wp\/v2\/pages\/19369\/revisions"}],"wp:featuredmedia":[{"embeddable":true,"href":"https:\/\/www.ford-torino.de\/en\/wp-json\/wp\/v2\/media\/21115"}],"wp:attachment":[{"href":"https:\/\/www.ford-torino.de\/en\/wp-json\/wp\/v2\/media?parent=19369"}],"curies":[{"name":"wp","href":"https:\/\/api.w.org\/{rel}","templated":true}]}}