{"id":19690,"date":"2016-04-07T16:18:23","date_gmt":"2016-04-07T14:18:23","guid":{"rendered":"http:\/\/www.ford-torino.de\/?page_id=19690&#038;lang=en"},"modified":"2016-04-07T16:18:23","modified_gmt":"2016-04-07T14:18:23","slug":"revocation","status":"publish","type":"page","link":"https:\/\/www.ford-torino.de\/en\/revocation\/","title":{"rendered":"revocation"},"content":{"rendered":"<p style=\"text-align: left;\"><span style=\"font-size: 150%; color: #ff4415;\">Muster-Widerrufsformular<\/span><\/p>\n<p style=\"text-align: left;\"><strong>Muster-Widerrufsformular<\/strong><\/p>\n<p style=\"text-align: left;\">(Wenn Sie den Vertrag widerrufen wollen, dann f\u00fcllen Sie bitte dieses Formular aus und senden Sie es zur\u00fcck.)<\/p>\n<p style=\"text-align: left;\">&#8211; An Markus Leitner, Nittendorfer Stra\u00dfe 4, 93152 Sch\u00f6nhofen, E-Mail-Adresse: admin@ford-torino.de :<\/p>\n<p style=\"text-align: left;\">&#8211; Hiermit widerrufe(n) ich\/ wir (*) den von mir\/ uns (*) abgeschlossenen Vertrag \u00fcber den Kauf der folgenden Waren (*)\/<br \/>\ndie Erbringung der folgenden Dienstleistung (*)<\/p>\n<p style=\"text-align: left;\">&#8211; Bestellt am (*)\/ erhalten am (*)<\/p>\n<p>&#8211; Name des\/ der Verbraucher(s)<br \/>\n&#8211; Anschrift des\/ der Verbraucher(s)<br \/>\n&#8211; Unterschrift des\/ der Verbraucher(s) (nur bei Mitteilung auf Papier)<br \/>\n&#8211; Datum<\/p>\n<p>(*) Unzutreffendes streichen.<\/p>\n<p>Diese AGB und Kundeninformationen wurden von den auf IT-Recht spezialisierten Juristen des H\u00e4ndlerbundes erstellt und werden permanent auf Rechtskonformit\u00e4t gepr\u00fcft. Die H\u00e4ndlerbund Management AG garantiert f\u00fcr die Rechtssicherheit der Texte und haftet im Falle von Abmahnungen. N\u00e4here Informationen dazu finden Sie unter: http:\/\/www.haendlerbund.de\/agb-service.<\/p>\n<p>letzte Aktualisierung: 01. Januar 2016<\/p>\n","protected":false},"excerpt":{"rendered":"<p>Muster-Widerrufsformular Muster-Widerrufsformular (Wenn Sie den Vertrag widerrufen wollen, dann f\u00fcllen Sie bitte dieses Formular aus und senden Sie es zur\u00fcck.) &#8211; An Markus Leitner, Nittendorfer Stra\u00dfe 4, 93152 Sch\u00f6nhofen, E-Mail-Adresse: admin@ford-torino.de : &#8211; Hiermit widerrufe(n) ich\/ wir (*) den von mir\/ uns (*) abgeschlossenen Vertrag \u00fcber den Kauf der folgenden Waren (*)\/ die Erbringung der [&hellip;]<\/p>\n","protected":false},"author":7,"featured_media":0,"parent":0,"menu_order":0,"comment_status":"closed","ping_status":"closed","template":"page-templates\/full-width.php","meta":{"footnotes":""},"class_list":["post-19690","page","type-page","status-publish","hentry"],"yoast_head":"<!-- This site is optimized with the Yoast SEO plugin v27.3 - https:\/\/yoast.com\/product\/yoast-seo-wordpress\/ -->\n<title>revocation - Ford-Torino.de<\/title>\n<meta name=\"robots\" content=\"index, follow, max-snippet:-1, max-image-preview:large, max-video-preview:-1\" \/>\n<link rel=\"canonical\" href=\"https:\/\/www.ford-torino.de\/en\/revocation\/\" \/>\n<meta property=\"og:locale\" content=\"en_US\" \/>\n<meta property=\"og:type\" content=\"article\" \/>\n<meta property=\"og:title\" content=\"revocation - Ford-Torino.de\" \/>\n<meta property=\"og:description\" content=\"Muster-Widerrufsformular Muster-Widerrufsformular (Wenn Sie den Vertrag widerrufen wollen, dann f\u00fcllen Sie bitte dieses Formular aus und senden Sie es zur\u00fcck.) &#8211; An Markus Leitner, Nittendorfer Stra\u00dfe 4, 93152 Sch\u00f6nhofen, E-Mail-Adresse: admin@ford-torino.de : &#8211; Hiermit widerrufe(n) ich\/ wir (*) den von mir\/ uns (*) abgeschlossenen Vertrag \u00fcber den Kauf der folgenden Waren (*)\/ die Erbringung der [&hellip;]\" \/>\n<meta property=\"og:url\" content=\"https:\/\/www.ford-torino.de\/en\/revocation\/\" \/>\n<meta property=\"og:site_name\" content=\"Ford-Torino.de\" \/>\n<meta property=\"article:publisher\" content=\"https:\/\/www.facebook.com\/fordtorinode\" \/>\n<meta name=\"twitter:card\" content=\"summary_large_image\" \/>\n<meta name=\"twitter:label1\" content=\"Est. reading time\" \/>\n\t<meta name=\"twitter:data1\" content=\"1 minute\" \/>\n<script type=\"application\/ld+json\" class=\"yoast-schema-graph\">{\"@context\":\"https:\\\/\\\/schema.org\",\"@graph\":[{\"@type\":\"WebPage\",\"@id\":\"https:\\\/\\\/www.ford-torino.de\\\/en\\\/revocation\\\/\",\"url\":\"https:\\\/\\\/www.ford-torino.de\\\/en\\\/revocation\\\/\",\"name\":\"revocation - Ford-Torino.de\",\"isPartOf\":{\"@id\":\"https:\\\/\\\/www.ford-torino.de\\\/en\\\/#website\"},\"datePublished\":\"2016-04-07T14:18:23+00:00\",\"breadcrumb\":{\"@id\":\"https:\\\/\\\/www.ford-torino.de\\\/en\\\/revocation\\\/#breadcrumb\"},\"inLanguage\":\"en-US\",\"potentialAction\":[{\"@type\":\"ReadAction\",\"target\":[\"https:\\\/\\\/www.ford-torino.de\\\/en\\\/revocation\\\/\"]}]},{\"@type\":\"BreadcrumbList\",\"@id\":\"https:\\\/\\\/www.ford-torino.de\\\/en\\\/revocation\\\/#breadcrumb\",\"itemListElement\":[{\"@type\":\"ListItem\",\"position\":1,\"name\":\"Home\",\"item\":\"https:\\\/\\\/ford-torino.de\\\/en\\\/\"},{\"@type\":\"ListItem\",\"position\":2,\"name\":\"revocation\"}]},{\"@type\":\"WebSite\",\"@id\":\"https:\\\/\\\/www.ford-torino.de\\\/en\\\/#website\",\"url\":\"https:\\\/\\\/www.ford-torino.de\\\/en\\\/\",\"name\":\"Ford-Torino.de\",\"description\":\"Deutschlands einzige und umfangreiche Infoseite \u00fcber die Ford Torino-Baureihe.\",\"publisher\":{\"@id\":\"https:\\\/\\\/www.ford-torino.de\\\/en\\\/#organization\"},\"potentialAction\":[{\"@type\":\"SearchAction\",\"target\":{\"@type\":\"EntryPoint\",\"urlTemplate\":\"https:\\\/\\\/www.ford-torino.de\\\/en\\\/?s={search_term_string}\"},\"query-input\":{\"@type\":\"PropertyValueSpecification\",\"valueRequired\":true,\"valueName\":\"search_term_string\"}}],\"inLanguage\":\"en-US\"},{\"@type\":\"Organization\",\"@id\":\"https:\\\/\\\/www.ford-torino.de\\\/en\\\/#organization\",\"name\":\"Ford-Torino.de\",\"url\":\"https:\\\/\\\/www.ford-torino.de\\\/en\\\/\",\"logo\":{\"@type\":\"ImageObject\",\"inLanguage\":\"en-US\",\"@id\":\"https:\\\/\\\/www.ford-torino.de\\\/en\\\/#\\\/schema\\\/logo\\\/image\\\/\",\"url\":\"https:\\\/\\\/www.ford-torino.de\\\/wp-content\\\/uploads\\\/2019\\\/01\\\/Signatur.png\",\"contentUrl\":\"https:\\\/\\\/www.ford-torino.de\\\/wp-content\\\/uploads\\\/2019\\\/01\\\/Signatur.png\",\"width\":435,\"height\":66,\"caption\":\"Ford-Torino.de\"},\"image\":{\"@id\":\"https:\\\/\\\/www.ford-torino.de\\\/en\\\/#\\\/schema\\\/logo\\\/image\\\/\"},\"sameAs\":[\"https:\\\/\\\/www.facebook.com\\\/fordtorinode\"]}]}<\/script>\n<!-- \/ Yoast SEO plugin. -->","yoast_head_json":{"title":"revocation - Ford-Torino.de","robots":{"index":"index","follow":"follow","max-snippet":"max-snippet:-1","max-image-preview":"max-image-preview:large","max-video-preview":"max-video-preview:-1"},"canonical":"https:\/\/www.ford-torino.de\/en\/revocation\/","og_locale":"en_US","og_type":"article","og_title":"revocation - Ford-Torino.de","og_description":"Muster-Widerrufsformular Muster-Widerrufsformular (Wenn Sie den Vertrag widerrufen wollen, dann f\u00fcllen Sie bitte dieses Formular aus und senden Sie es zur\u00fcck.) &#8211; An Markus Leitner, Nittendorfer Stra\u00dfe 4, 93152 Sch\u00f6nhofen, E-Mail-Adresse: admin@ford-torino.de : &#8211; Hiermit widerrufe(n) ich\/ wir (*) den von mir\/ uns (*) abgeschlossenen Vertrag \u00fcber den Kauf der folgenden Waren (*)\/ die Erbringung der [&hellip;]","og_url":"https:\/\/www.ford-torino.de\/en\/revocation\/","og_site_name":"Ford-Torino.de","article_publisher":"https:\/\/www.facebook.com\/fordtorinode","twitter_card":"summary_large_image","twitter_misc":{"Est. reading time":"1 minute"},"schema":{"@context":"https:\/\/schema.org","@graph":[{"@type":"WebPage","@id":"https:\/\/www.ford-torino.de\/en\/revocation\/","url":"https:\/\/www.ford-torino.de\/en\/revocation\/","name":"revocation - Ford-Torino.de","isPartOf":{"@id":"https:\/\/www.ford-torino.de\/en\/#website"},"datePublished":"2016-04-07T14:18:23+00:00","breadcrumb":{"@id":"https:\/\/www.ford-torino.de\/en\/revocation\/#breadcrumb"},"inLanguage":"en-US","potentialAction":[{"@type":"ReadAction","target":["https:\/\/www.ford-torino.de\/en\/revocation\/"]}]},{"@type":"BreadcrumbList","@id":"https:\/\/www.ford-torino.de\/en\/revocation\/#breadcrumb","itemListElement":[{"@type":"ListItem","position":1,"name":"Home","item":"https:\/\/ford-torino.de\/en\/"},{"@type":"ListItem","position":2,"name":"revocation"}]},{"@type":"WebSite","@id":"https:\/\/www.ford-torino.de\/en\/#website","url":"https:\/\/www.ford-torino.de\/en\/","name":"Ford-Torino.de","description":"Deutschlands einzige und umfangreiche Infoseite \u00fcber die Ford Torino-Baureihe.","publisher":{"@id":"https:\/\/www.ford-torino.de\/en\/#organization"},"potentialAction":[{"@type":"SearchAction","target":{"@type":"EntryPoint","urlTemplate":"https:\/\/www.ford-torino.de\/en\/?s={search_term_string}"},"query-input":{"@type":"PropertyValueSpecification","valueRequired":true,"valueName":"search_term_string"}}],"inLanguage":"en-US"},{"@type":"Organization","@id":"https:\/\/www.ford-torino.de\/en\/#organization","name":"Ford-Torino.de","url":"https:\/\/www.ford-torino.de\/en\/","logo":{"@type":"ImageObject","inLanguage":"en-US","@id":"https:\/\/www.ford-torino.de\/en\/#\/schema\/logo\/image\/","url":"https:\/\/www.ford-torino.de\/wp-content\/uploads\/2019\/01\/Signatur.png","contentUrl":"https:\/\/www.ford-torino.de\/wp-content\/uploads\/2019\/01\/Signatur.png","width":435,"height":66,"caption":"Ford-Torino.de"},"image":{"@id":"https:\/\/www.ford-torino.de\/en\/#\/schema\/logo\/image\/"},"sameAs":["https:\/\/www.facebook.com\/fordtorinode"]}]}},"_links":{"self":[{"href":"https:\/\/www.ford-torino.de\/en\/wp-json\/wp\/v2\/pages\/19690","targetHints":{"allow":["GET"]}}],"collection":[{"href":"https:\/\/www.ford-torino.de\/en\/wp-json\/wp\/v2\/pages"}],"about":[{"href":"https:\/\/www.ford-torino.de\/en\/wp-json\/wp\/v2\/types\/page"}],"author":[{"embeddable":true,"href":"https:\/\/www.ford-torino.de\/en\/wp-json\/wp\/v2\/users\/7"}],"replies":[{"embeddable":true,"href":"https:\/\/www.ford-torino.de\/en\/wp-json\/wp\/v2\/comments?post=19690"}],"version-history":[{"count":0,"href":"https:\/\/www.ford-torino.de\/en\/wp-json\/wp\/v2\/pages\/19690\/revisions"}],"wp:attachment":[{"href":"https:\/\/www.ford-torino.de\/en\/wp-json\/wp\/v2\/media?parent=19690"}],"curies":[{"name":"wp","href":"https:\/\/api.w.org\/{rel}","templated":true}]}}